{"id":658,"date":"2025-02-05T09:52:19","date_gmt":"2025-02-05T01:52:19","guid":{"rendered":"http:\/\/germanyvelrose.ceshi24.7-mi.net\/?page_id=658"},"modified":"2025-02-05T17:28:03","modified_gmt":"2025-02-05T09:28:03","slug":"%e5%94%ae%e5%90%8e%e6%9c%8d%e5%8a%a1","status":"publish","type":"page","link":"https:\/\/www.germanyvelrose.com\/?page_id=658&lang=de","title":{"rendered":"Kundendienst"},"content":{"rendered":"<p>[et_pb_section fb_built=&#8221;1&#8243; _builder_version=&#8221;4.27.0&#8243; _module_preset=&#8221;default&#8221; background_image=&#8221;https:\/\/www.germanyvelrose.com\/wp-content\/uploads\/2024\/09\/\u672a\u6807\u9898-1.jpg&#8221; width=&#8221;100%&#8221; global_colors_info=&#8221;{}&#8221;][et_pb_row column_structure=&#8221;1_2,1_2&#8243; _builder_version=&#8221;4.27.0&#8243; _module_preset=&#8221;default&#8221; max_width=&#8221;2560px&#8221; module_alignment=&#8221;center&#8221; custom_margin=&#8221;0px|0px|0px|0px|true|true&#8221; custom_padding=&#8221;0px|0px|0px|0px|true|true&#8221; global_colors_info=&#8221;{}&#8221;][et_pb_column type=&#8221;1_2&#8243; _builder_version=&#8221;4.27.0&#8243; _module_preset=&#8221;default&#8221; global_colors_info=&#8221;{}&#8221;][et_pb_text _builder_version=&#8221;4.27.0&#8243; _module_preset=&#8221;default&#8221; text_font=&#8221;Arial|600|||||||&#8221; text_text_color=&#8221;#000000&#8243; text_font_size=&#8221;32px&#8221; custom_margin=&#8221;0px|0px|0px|0px|true|true&#8221; custom_padding=&#8221;0px|0px|0px|0px|true|true&#8221; global_colors_info=&#8221;{}&#8221;]<\/p>\n<p>Kundendienst<\/p>\n<p>[\/et_pb_text][et_pb_text _builder_version=&#8221;4.27.0&#8243; _module_preset=&#8221;default&#8221; text_font=&#8221;Arial|||on|||||&#8221; text_text_color=&#8221;#000000&#8243; text_font_size=&#8221;22px&#8221; text_line_height=&#8221;1.9em&#8221; custom_margin=&#8221;10px||0px||false|false&#8221; global_colors_info=&#8221;{}&#8221;]<\/p>\n<p>After-sales service<\/p>\n<p>[\/et_pb_text][et_pb_text _builder_version=&#8221;4.27.0&#8243; _module_preset=&#8221;default&#8221; text_font=&#8221;Arial||||||||&#8221; text_font_size=&#8221;16px&#8221; text_line_height=&#8221;2.2em&#8221; module_alignment=&#8221;left&#8221; custom_margin=&#8221;12px||||false|false&#8221; global_colors_info=&#8221;{}&#8221;]<\/p>\n<p>Die Unternehmensgruppe hat eine Reihe regionaler Service-Center auf dem heimischen Markt eingerichtet, um Kunden qualitativ hochwertige Vorverkaufs-, In-Sales- und After-Sales-Services zu bieten. Gem\u00e4\u00df dem Standard GB \/ T18742-2002 wird die Welles-Pipeline seit 50 Jahren unter der angegebenen Betriebstemperatur, dem angegebenen Arbeitsdruck und der angegebenen Arbeitsumgebung verwendet.<br \/>Serviceobjekt: Installieren Sie einen vollst\u00e4ndigen Satz von Welles-Rohrverbindungsst\u00fccken im Rohrleitungssystem. Unser Unternehmen bietet keine Serviceleistungen an, wenn eine gemischte Installation vorliegt.<br \/>Serviceanforderungen: Der Pipeline-Graben vor Ort wurde ge\u00f6ffnet (unser Unternehmen bietet keine Serviceleistungen an, wenn er deponiert wird). W\u00e4hrend des Drucktests ist ein &#8220;Diamond Service Certificate&#8221; erforderlich.<br \/>Serviceverpflichtung:Wenn die Druckpr\u00fcfung oder Druckinspektion durch unser Servicecenter Probleme im zuk\u00fcnftigen Betrieb der Rohrleitung hat, hat dies nichts mit dem Dekorationsunternehmen und der Hydraulik zu tun, und unser Unternehmen ist allein daf\u00fcr verantwortlich. Zum Beispiel sind Qualit\u00e4tsprobleme, die sich aus der gemischten Montage von Wiles-Produkten und anderen Marken ergeben (einschlie\u00dflich Pipelines anderer Marken in der Pipeline; die Verbindung zwischen dem Wiles-Pipelinesystem und der Immobilienpipeline), aufgrund unsachgem\u00e4\u00dfer Verwendung nicht von der Garantie des Unternehmens abgedeckt oder h\u00f6here Gewalt Die \u00e4u\u00dfere Ursache des Rohrleitungssystems verursachte ein Versickern von Wasser, das nicht durch die Garantie des Unternehmens abgedeckt ist.<\/p>\n<p>[\/et_pb_text][\/et_pb_column][et_pb_column type=&#8221;1_2&#8243; _builder_version=&#8221;4.27.0&#8243; _module_preset=&#8221;default&#8221; global_colors_info=&#8221;{}&#8221;][et_pb_image src=&#8221;https:\/\/www.germanyvelrose.com\/wp-content\/uploads\/2024\/09\/ai-generated-8795642_640.jpg&#8221; title_text=&#8221;ai-generated-8795642_640&#8243; _builder_version=&#8221;4.27.0&#8243; _module_preset=&#8221;default&#8221; global_colors_info=&#8221;{}&#8221;][\/et_pb_image][\/et_pb_column][\/et_pb_row][et_pb_row _builder_version=&#8221;4.27.0&#8243; _module_preset=&#8221;default&#8221; width=&#8221;100%&#8221; max_width=&#8221;2560px&#8221; global_colors_info=&#8221;{}&#8221;][et_pb_column type=&#8221;4_4&#8243; _builder_version=&#8221;4.27.0&#8243; _module_preset=&#8221;default&#8221; global_colors_info=&#8221;{}&#8221;][et_pb_text _builder_version=&#8221;4.27.0&#8243; _module_preset=&#8221;default&#8221; text_font=&#8221;Arial|600|||||||&#8221; text_text_color=&#8221;#000000&#8243; text_font_size=&#8221;32px&#8221; text_orientation=&#8221;center&#8221; custom_margin=&#8221;5%||0px||false|false&#8221; global_colors_info=&#8221;{}&#8221;]<\/p>\n<p>Serviceprozess<\/p>\n<p>[\/et_pb_text][et_pb_text _builder_version=&#8221;4.27.0&#8243; _module_preset=&#8221;default&#8221; text_font=&#8221;Arial||||||||&#8221; text_text_color=&#8221;#000000&#8243; text_font_size=&#8221;22px&#8221; text_line_height=&#8221;1.9em&#8221; text_orientation=&#8221;center&#8221; custom_margin=&#8221;10px||0px||false|false&#8221; global_colors_info=&#8221;{}&#8221;]<\/p>\n<h4 class=\"ft24\"><span>SERVICE FLOW<\/span><\/h4>\n<p>[\/et_pb_text][\/et_pb_column][\/et_pb_row][et_pb_row column_structure=&#8221;1_4,1_4,1_4,1_4&#8243; _builder_version=&#8221;4.27.0&#8243; _module_preset=&#8221;default&#8221; max_width=&#8221;2560px&#8221; global_colors_info=&#8221;{}&#8221;][et_pb_column type=&#8221;1_4&#8243; _builder_version=&#8221;4.27.0&#8243; _module_preset=&#8221;default&#8221; global_colors_info=&#8221;{}&#8221;][et_pb_blurb title=&#8221;1.Telefon Reservierung&#8221; use_icon=&#8221;on&#8221; font_icon=&#8221;&#xf3cd;||fa||900&#8243; icon_color=&#8221;#000000&#8243; icon_placement=&#8221;left&#8221; image_icon_width=&#8221;41px&#8221; _builder_version=&#8221;4.27.0&#8243; _module_preset=&#8221;default&#8221; header_font=&#8221;Arial||||||||&#8221; header_text_align=&#8221;left&#8221; header_font_size=&#8221;20px&#8221; header_line_height=&#8221;1.7em&#8221; custom_padding=&#8221;22px|0px|49px|29px|false|false&#8221; hover_enabled=&#8221;0&#8243; border_width_all=&#8221;2px&#8221; global_colors_info=&#8221;{}&#8221; sticky_enabled=&#8221;0&#8243;][\/et_pb_blurb][\/et_pb_column][et_pb_column type=&#8221;1_4&#8243; _builder_version=&#8221;4.27.0&#8243; _module_preset=&#8221;default&#8221; global_colors_info=&#8221;{}&#8221;][et_pb_blurb title=&#8221;2.T\u00fcr zu T\u00fcr Bedienung&#8221; use_icon=&#8221;on&#8221; font_icon=&#8221;&#xf007;||fa||900&#8243; icon_color=&#8221;#000000&#8243; icon_placement=&#8221;left&#8221; image_icon_width=&#8221;41px&#8221; _builder_version=&#8221;4.27.0&#8243; _module_preset=&#8221;default&#8221; header_font=&#8221;Arial||||||||&#8221; header_text_align=&#8221;left&#8221; header_font_size=&#8221;20px&#8221; header_line_height=&#8221;1.7em&#8221; custom_padding=&#8221;22px|0px|49px|29px|false|false&#8221; hover_enabled=&#8221;0&#8243; border_width_all=&#8221;2px&#8221; global_colors_info=&#8221;{}&#8221; sticky_enabled=&#8221;0&#8243;][\/et_pb_blurb][\/et_pb_column][et_pb_column type=&#8221;1_4&#8243; _builder_version=&#8221;4.27.0&#8243; _module_preset=&#8221;default&#8221; global_colors_info=&#8221;{}&#8221;][et_pb_blurb title=&#8221;3.unterscheiden Produktauthentizit\u00e4t&#8221; use_icon=&#8221;on&#8221; font_icon=&#8221;&#x55;||divi||400&#8243; icon_color=&#8221;#000000&#8243; icon_placement=&#8221;left&#8221; image_icon_width=&#8221;41px&#8221; _builder_version=&#8221;4.27.0&#8243; _module_preset=&#8221;default&#8221; header_font=&#8221;Arial||||||||&#8221; header_text_align=&#8221;left&#8221; header_font_size=&#8221;20px&#8221; header_line_height=&#8221;1.7em&#8221; custom_padding=&#8221;22px|0px|15px|16px|false|false&#8221; border_width_all=&#8221;2px&#8221; global_colors_info=&#8221;{}&#8221;][\/et_pb_blurb][\/et_pb_column][et_pb_column type=&#8221;1_4&#8243; _builder_version=&#8221;4.27.0&#8243; _module_preset=&#8221;default&#8221; global_colors_info=&#8221;{}&#8221;][et_pb_blurb title=&#8221;4.Pipeline eine Pr\u00fcfung&#8221; use_icon=&#8221;on&#8221; font_icon=&#8221;&#xf7d9;||fa||900&#8243; icon_color=&#8221;#000000&#8243; icon_placement=&#8221;left&#8221; image_icon_width=&#8221;41px&#8221; _builder_version=&#8221;4.27.0&#8243; _module_preset=&#8221;default&#8221; header_font=&#8221;Arial||||||||&#8221; header_text_align=&#8221;left&#8221; header_font_size=&#8221;20px&#8221; header_line_height=&#8221;1.7em&#8221; custom_padding=&#8221;22px|0px|15px|29px|false|false&#8221; border_width_all=&#8221;2px&#8221; global_colors_info=&#8221;{}&#8221;][\/et_pb_blurb][\/et_pb_column][\/et_pb_row][et_pb_row column_structure=&#8221;1_4,1_4,1_4,1_4&#8243; _builder_version=&#8221;4.27.0&#8243; _module_preset=&#8221;default&#8221; max_width=&#8221;2560px&#8221; global_colors_info=&#8221;{}&#8221;][et_pb_column type=&#8221;1_4&#8243; _builder_version=&#8221;4.27.0&#8243; _module_preset=&#8221;default&#8221; global_colors_info=&#8221;{}&#8221;][et_pb_blurb title=&#8221;5.Pipeline Drucktest&#8221; use_icon=&#8221;on&#8221; font_icon=&#8221;&#xf2f2;||fa||900&#8243; icon_color=&#8221;#000000&#8243; icon_placement=&#8221;left&#8221; image_icon_width=&#8221;41px&#8221; _builder_version=&#8221;4.27.0&#8243; _module_preset=&#8221;default&#8221; header_font=&#8221;Arial||||||||&#8221; header_text_align=&#8221;left&#8221; header_font_size=&#8221;22px&#8221; header_line_height=&#8221;1.7em&#8221; custom_padding=&#8221;22px|0px|49px|29px|false|false&#8221; hover_enabled=&#8221;0&#8243; border_width_all=&#8221;2px&#8221; global_colors_info=&#8221;{}&#8221; sticky_enabled=&#8221;0&#8243;][\/et_pb_blurb][\/et_pb_column][et_pb_column type=&#8221;1_4&#8243; _builder_version=&#8221;4.27.0&#8243; _module_preset=&#8221;default&#8221; global_colors_info=&#8221;{}&#8221;][et_pb_blurb title=&#8221;6.Dreharbeiten Management Chart&#8221; use_icon=&#8221;on&#8221; font_icon=&#8221;&#xe075;||divi||400&#8243; icon_color=&#8221;#000000&#8243; icon_placement=&#8221;left&#8221; image_icon_width=&#8221;41px&#8221; _builder_version=&#8221;4.27.0&#8243; _module_preset=&#8221;default&#8221; header_font=&#8221;Arial||||||||&#8221; header_text_align=&#8221;left&#8221; header_font_size=&#8221;20px&#8221; header_line_height=&#8221;1.7em&#8221; custom_padding=&#8221;22px|0px|15px|19px|false|false&#8221; border_width_all=&#8221;2px&#8221; global_colors_info=&#8221;{}&#8221;][\/et_pb_blurb][\/et_pb_column][et_pb_column type=&#8221;1_4&#8243; _builder_version=&#8221;4.27.0&#8243; _module_preset=&#8221;default&#8221; global_colors_info=&#8221;{}&#8221;][et_pb_blurb title=&#8221;7.benutzen Vorsichtsma\u00dfnahmen&#8221; use_icon=&#8221;on&#8221; font_icon=&#8221;&#xe061;||divi||400&#8243; icon_color=&#8221;#000000&#8243; icon_placement=&#8221;left&#8221; image_icon_width=&#8221;41px&#8221; _builder_version=&#8221;4.27.0&#8243; _module_preset=&#8221;default&#8221; header_font=&#8221;Arial||||||||&#8221; header_text_align=&#8221;left&#8221; header_font_size=&#8221;20px&#8221; header_line_height=&#8221;1.7em&#8221; custom_padding=&#8221;22px|0px|15px|7px|false|false&#8221; border_width_all=&#8221;2px&#8221; global_colors_info=&#8221;{}&#8221;][\/et_pb_blurb][\/et_pb_column][et_pb_column type=&#8221;1_4&#8243; _builder_version=&#8221;4.27.0&#8243; _module_preset=&#8221;default&#8221; global_colors_info=&#8221;{}&#8221;][et_pb_blurb title=&#8221;8.Telefon Gegenbesuch&#8221; use_icon=&#8221;on&#8221; font_icon=&#8221;&#xf590;||fa||900&#8243; icon_color=&#8221;#000000&#8243; icon_placement=&#8221;left&#8221; image_icon_width=&#8221;41px&#8221; _builder_version=&#8221;4.27.0&#8243; _module_preset=&#8221;default&#8221; header_font=&#8221;Arial||||||||&#8221; header_text_align=&#8221;left&#8221; header_font_size=&#8221;20px&#8221; header_line_height=&#8221;1.7em&#8221; custom_padding=&#8221;22px|0px|15px|29px|false|false&#8221; border_width_all=&#8221;2px&#8221; global_colors_info=&#8221;{}&#8221;][\/et_pb_blurb][\/et_pb_column][\/et_pb_row][\/et_pb_section][et_pb_section fb_built=&#8221;1&#8243; _builder_version=&#8221;4.27.0&#8243; _module_preset=&#8221;default&#8221; global_colors_info=&#8221;{}&#8221;][et_pb_row _builder_version=&#8221;4.27.0&#8243; _module_preset=&#8221;default&#8221; max_width=&#8221;2560px&#8221; global_colors_info=&#8221;{}&#8221;][et_pb_column type=&#8221;4_4&#8243; _builder_version=&#8221;4.27.0&#8243; _module_preset=&#8221;default&#8221; global_colors_info=&#8221;{}&#8221;][et_pb_text _builder_version=&#8221;4.27.0&#8243; _module_preset=&#8221;default&#8221; text_font=&#8221;Arial|600|||||||&#8221; text_text_color=&#8221;#000000&#8243; text_font_size=&#8221;32px&#8221; text_orientation=&#8221;center&#8221; custom_margin=&#8221;0%||0px||false|false&#8221; global_colors_info=&#8221;{}&#8221;]<\/p>\n<p>Benutzerhinweis<\/p>\n<p>[\/et_pb_text][et_pb_text _builder_version=&#8221;4.27.0&#8243; _module_preset=&#8221;default&#8221; text_font=&#8221;Arial|||on|||||&#8221; text_text_color=&#8221;#000000&#8243; text_font_size=&#8221;22px&#8221; text_line_height=&#8221;1.9em&#8221; text_orientation=&#8221;center&#8221; custom_margin=&#8221;10px||0px||false|false&#8221; global_colors_info=&#8221;{}&#8221;]<\/p>\n<h4 class=\"ft24\">User notice<\/h4>\n<p>[\/et_pb_text][et_pb_text _builder_version=&#8221;4.27.0&#8243; _module_preset=&#8221;default&#8221; text_font=&#8221;Arial||||||||&#8221; text_text_color=&#8221;#000000&#8243; text_font_size=&#8221;18px&#8221; text_orientation=&#8221;center&#8221; custom_margin=&#8221;1%||0px||false|false&#8221; global_colors_info=&#8221;{}&#8221;]<\/p>\n<table border=\"1 \" cellpadding=\"0\" cellspacing=\"0\" width=\"100%\">\n<tbody>\n<tr>\n<th height=\"34\" bgcolor=\"#CCCCCC\">\n<div align=\"center\">Rohrleitungsdruck(MPa)<\/div>\n<\/th>\n<th bgcolor=\"#CCCCCC\">\n<div align=\"center\">Wassertemperatur verwenden(\u00b0C)<\/div>\n<\/th>\n<th bgcolor=\"#CCCCCC\">\n<div align=\"center\">Arbeitsdruck(MPa)<\/div>\n<\/th>\n<th bgcolor=\"#CCCCCC\">\n<div align=\"center\">Lebensdauer<\/div>\n<\/th>\n<\/tr>\n<\/tbody>\n<tbody>\n<tr>\n<td height=\"36\">\n<div align=\"center\">1,25 und 1,6.<\/div>\n<\/td>\n<td>\n<div align=\"center\">Zimmertemperatur<\/div>\n<\/td>\n<td>\n<div align=\"center\"><span>0.6<\/span><\/div>\n<\/td>\n<td>\n<div align=\"center\"><span>50<\/span><\/div>\n<\/td>\n<\/tr>\n<tr>\n<td height=\"36\">\n<div align=\"center\"><span>2.0<\/span><\/div>\n<\/td>\n<td>\n<div align=\"center\"><span>60<\/span><\/div>\n<\/td>\n<td>\n<div align=\"center\"><span>0.6<\/span><\/div>\n<\/td>\n<td>\n<div align=\"center\"><span>50<\/span><\/div>\n<\/td>\n<\/tr>\n<tr>\n<td height=\"44\">\n<div align=\"center\"><span>2.5<\/span><\/div>\n<\/td>\n<td>\n<div align=\"center\"><span>70<\/span><\/div>\n<\/td>\n<td>\n<div align=\"center\"><span>0.6<\/span><\/div>\n<\/td>\n<td>\n<div align=\"center\"><span>50<\/span><\/div>\n<\/td>\n<\/tr>\n<\/tbody>\n<\/table>\n<p>[\/et_pb_text][\/et_pb_column][\/et_pb_row][\/et_pb_section][et_pb_section fb_built=&#8221;1&#8243; _builder_version=&#8221;4.27.0&#8243; _module_preset=&#8221;default&#8221; background_color=&#8221;#f4f4f4&#8243; global_colors_info=&#8221;{}&#8221;][et_pb_row _builder_version=&#8221;4.27.0&#8243; _module_preset=&#8221;default&#8221; max_width=&#8221;2560px&#8221; global_colors_info=&#8221;{}&#8221;][et_pb_column type=&#8221;4_4&#8243; _builder_version=&#8221;4.27.0&#8243; _module_preset=&#8221;default&#8221; global_colors_info=&#8221;{}&#8221;][et_pb_text _builder_version=&#8221;4.27.0&#8243; _module_preset=&#8221;default&#8221; text_font=&#8221;Arial||||||||&#8221; text_text_color=&#8221;#000000&#8243; text_font_size=&#8221;32px&#8221; text_orientation=&#8221;center&#8221; custom_margin=&#8221;0%||0px||false|false&#8221; global_colors_info=&#8221;{}&#8221;]<\/p>\n<div id=\"pdv_24532\" class=\"pdv_class\" title=\"\">\n<div id=\"spdv_24532\" class=\"pdv_content\">\n<div class=\"pdv_border\">\n<div>\n<div><span><strong>Vorsichtsma\u00dfnahmen<\/strong><\/span><\/div>\n<\/div>\n<\/div>\n<\/div>\n<\/div>\n<div id=\"pdv_24527\" class=\"pdv_class\" title=\"\">\n<div id=\"spdv_24527\" class=\"pdv_content\">\n<div class=\"pdv_border\"><\/div>\n<\/div>\n<\/div>\n<p>[\/et_pb_text][et_pb_text _builder_version=&#8221;4.27.0&#8243; _module_preset=&#8221;default&#8221; text_font=&#8221;Arial|||on|||||&#8221; text_text_color=&#8221;#000000&#8243; text_font_size=&#8221;22px&#8221; text_line_height=&#8221;1.9em&#8221; text_orientation=&#8221;center&#8221; custom_margin=&#8221;10px||0px||false|false&#8221; global_colors_info=&#8221;{}&#8221;]<\/p>\n<h4 class=\"ft24\">Points to note<\/h4>\n<p>[\/et_pb_text][\/et_pb_column][\/et_pb_row][et_pb_row column_structure=&#8221;1_3,2_3&#8243; _builder_version=&#8221;4.27.0&#8243; _module_preset=&#8221;default&#8221; max_width=&#8221;2560px&#8221; custom_margin=&#8221;0px||||false|false&#8221; custom_padding=&#8221;0px||||false|false&#8221; global_colors_info=&#8221;{}&#8221;][et_pb_column type=&#8221;1_3&#8243; _builder_version=&#8221;4.27.0&#8243; _module_preset=&#8221;default&#8221; global_colors_info=&#8221;{}&#8221;][et_pb_image title_text=&#8221;meeting-594091_640&#8243; _builder_version=&#8221;4.27.0&#8243; _module_preset=&#8221;default&#8221; background_image=&#8221;https:\/\/www.germanyvelrose.com\/wp-content\/uploads\/2024\/09\/meeting-594091_640.jpg&#8221; module_alignment=&#8221;left&#8221; min_height=&#8221;575px&#8221; custom_margin=&#8221;0px||||false|false&#8221; global_colors_info=&#8221;{}&#8221;][\/et_pb_image][\/et_pb_column][et_pb_column type=&#8221;2_3&#8243; _builder_version=&#8221;4.27.0&#8243; _module_preset=&#8221;default&#8221; global_colors_info=&#8221;{}&#8221;][et_pb_text _builder_version=&#8221;4.27.0&#8243; _module_preset=&#8221;default&#8221; text_font=&#8221;Arial||||||||&#8221; text_text_color=&#8221;#000000&#8243; text_font_size=&#8221;16px&#8221; text_line_height=&#8221;2em&#8221; custom_margin=&#8221;0px||0px||false|false&#8221; custom_padding=&#8221;|0px||0px|false|true&#8221; global_colors_info=&#8221;{}&#8221;]<\/p>\n<div id=\"pdv_24543\" class=\"pdv_class\" title=\"\">\n<div id=\"spdv_24543\" class=\"pdv_content\">\n<div class=\"pdv_border\">\n<div>Vor dem telefonischen Termin sollte der Benutzer den Kanal gut \u00f6ffnen und die Umgebung sauber und ordentlich halten.<\/div>\n<div>\n<div id=\"pdv_24544\" class=\"pdv_class\" title=\"\">\n<div id=\"spdv_24544\" class=\"pdv_content\">\n<div class=\"pdv_border\">\n<div>Um Ihre zuk\u00fcnftigen Sorgen w\u00e4hrend des Gebrauchs zu vermeiden, w\u00e4hlen Sie bitte die Rohrverbindungsst\u00fccke und Rohre der Welles-Rohrmarke und verwenden Sie sie als komplettes Set.<\/div>\n<div>\n<div id=\"pdv_24545\" class=\"pdv_class\" title=\"\">\n<div id=\"spdv_24545\" class=\"pdv_content\">\n<div class=\"pdv_border\">\n<div>Die Rohrlagerung sollte in Innenr\u00e4umen oder in einem einfachen Arbeitsschuppen au\u00dferhalb von W\u00e4rmequellen erfolgen. Die Pipeline sollte beim Laden, Entladen und Handhaben mit Vorsicht behandelt werden. Werfen, Aufprall und brutaler Betrieb sind strengstens untersagt.<\/div>\n<div>\n<div id=\"pdv_24546\" class=\"pdv_class\" title=\"\">\n<div id=\"spdv_24546\" class=\"pdv_content\">\n<div class=\"pdv_border\">\n<div>Rohre und Formst\u00fccke sollten vor dem Schwei\u00dfen auf Besch\u00e4digungen \u00fcberpr\u00fcft werden, insbesondere im Winter. Die Rohrleitungen sollten sorgf\u00e4ltig auf \u00e4u\u00dfere Verletzungen \u00fcberpr\u00fcft werden. Insbesondere ist es nicht m\u00f6glich, unqualifizierte Schmelzwerkzeuge zum Schwei\u00dfen des Welles-Rohrs zu verwenden.<\/div>\n<div>\n<div id=\"pdv_24547\" class=\"pdv_class\" title=\"\">\n<div id=\"spdv_24547\" class=\"pdv_content\">\n<div class=\"pdv_border\">\n<div>Es ist absolut verboten, beim Schwei\u00dfen von Weylers-Rohren Schmelzw\u00e4rme zu leiten, die die Arbeitstemperatur (250 \u00b0 C-270 \u00b0 C) \u00fcberschreitet. F\u00fchren Sie die Schwei\u00dfarbeiten an Rohren und Rohrverbindungsst\u00fccken gem\u00e4\u00df den Konstruktionsspezifikationen durch.<\/div>\n<div>\n<div id=\"pdv_24548\" class=\"pdv_class\" title=\"\">\n<div id=\"spdv_24548\" class=\"pdv_content\">\n<div class=\"pdv_border\">\n<div>Bevor das verdeckte Projekt vergraben oder verwendet wird, muss eine hydraulische Pr\u00fcfung durchgef\u00fchrt werden, um zu pr\u00fcfen, ob das Schwei\u00dfen qualifiziert ist und ob die Rohrleitung w\u00e4hrend des Bauprozesses besch\u00e4digt ist.<\/div>\n<div>\n<div id=\"pdv_24549\" class=\"pdv_class\" title=\"\">\n<div id=\"spdv_24549\" class=\"pdv_content\">\n<div class=\"pdv_border\">\n<div>Der Benutzer sollte den Wasserdrucktest vor Ort \u00fcberwachen. Der Druck sollte 30 Minuten lang bei 1,2 MPa gehalten werden. Wenn keine Leckage vorliegt oder der Abfall 0,06 MPa nicht \u00fcberschreitet, ist der Wasserdrucktest qualifiziert.<\/div>\n<div>\n<div id=\"pdv_24550\" class=\"pdv_class\" title=\"\">\n<div id=\"spdv_24550\" class=\"pdv_content\">\n<div class=\"pdv_border\">\n<div>Bitte achten Sie besonders auf die Konstruktion im Winter und lassen Sie das Wasser rechtzeitig nach dem Hydrauliktest ab, um ein Einfrieren und Rei\u00dfen des Rohrs zu verhindern.<\/div>\n<div><span><\/span><\/div>\n<\/div>\n<\/div>\n<\/div>\n<\/div>\n<\/div>\n<\/div>\n<\/div>\n<\/div>\n<\/div>\n<\/div>\n<\/div>\n<\/div>\n<\/div>\n<\/div>\n<\/div>\n<\/div>\n<\/div>\n<\/div>\n<\/div>\n<\/div>\n<\/div>\n<\/div>\n<\/div>\n<\/div>\n<\/div>\n<\/div>\n<\/div>\n<\/div>\n<\/div>\n<\/div>\n<\/div>\n<div id=\"pdv_24542\" class=\"pdv_class\" title=\"\">\n<div id=\"spdv_24542\" class=\"pdv_content\">\n<div class=\"pdv_border\">Nachdem der Klempner installiert und unterdr\u00fcckt wurde, muss der H\u00e4ndler jemanden schicken, der die endg\u00fcltige Druckpr\u00fcfung durchf\u00fchrt. Wenn der Klempner nur den Installationsservice ausf\u00fchrt, muss der H\u00e4ndler den Serviceinhalt in der Servicer\u00fcckmeldung nacheinander vervollst\u00e4ndigen<\/div>\n<\/div>\n<\/div>\n<p>[\/et_pb_text][\/et_pb_column][\/et_pb_row][\/et_pb_section]<\/p>\n","protected":false},"excerpt":{"rendered":"<p>KundendienstAfter-sales serviceDie Unternehmensgruppe hat eine Reihe regionaler Service-Center auf dem heimischen Markt eingerichtet, um Kunden qualitativ hochwertige Vorverkaufs-, In-Sales- und After [&hellip;]<\/p>\n","protected":false},"author":1,"featured_media":0,"parent":0,"menu_order":0,"comment_status":"closed","ping_status":"closed","template":"","meta":{"_et_pb_use_builder":"on","_et_pb_old_content":"","_et_gb_content_width":"","footnotes":""},"class_list":["post-658","page","type-page","status-publish","hentry"],"_links":{"self":[{"href":"https:\/\/www.germanyvelrose.com\/index.php?rest_route=\/wp\/v2\/pages\/658","targetHints":{"allow":["GET"]}}],"collection":[{"href":"https:\/\/www.germanyvelrose.com\/index.php?rest_route=\/wp\/v2\/pages"}],"about":[{"href":"https:\/\/www.germanyvelrose.com\/index.php?rest_route=\/wp\/v2\/types\/page"}],"author":[{"embeddable":true,"href":"https:\/\/www.germanyvelrose.com\/index.php?rest_route=\/wp\/v2\/users\/1"}],"replies":[{"embeddable":true,"href":"https:\/\/www.germanyvelrose.com\/index.php?rest_route=%2Fwp%2Fv2%2Fcomments&post=658"}],"version-history":[{"count":9,"href":"https:\/\/www.germanyvelrose.com\/index.php?rest_route=\/wp\/v2\/pages\/658\/revisions"}],"predecessor-version":[{"id":889,"href":"https:\/\/www.germanyvelrose.com\/index.php?rest_route=\/wp\/v2\/pages\/658\/revisions\/889"}],"wp:attachment":[{"href":"https:\/\/www.germanyvelrose.com\/index.php?rest_route=%2Fwp%2Fv2%2Fmedia&parent=658"}],"curies":[{"name":"wp","href":"https:\/\/api.w.org\/{rel}","templated":true}]}}