{"id":828,"date":"2025-02-05T14:30:32","date_gmt":"2025-02-05T06:30:32","guid":{"rendered":"http:\/\/germanyvelrose.ceshi24.7-mi.net\/?page_id=828"},"modified":"2025-02-05T15:08:38","modified_gmt":"2025-02-05T07:08:38","slug":"%e6%8b%9b%e5%95%86%e4%bb%a3%e7%90%86-2","status":"publish","type":"page","link":"https:\/\/www.germanyvelrose.com\/?page_id=828&lang=de","title":{"rendered":"Kaufleute"},"content":{"rendered":"<p>[et_pb_section fb_built=&#8221;1&#8243; _builder_version=&#8221;4.27.0&#8243; _module_preset=&#8221;default&#8221; width=&#8221;100%&#8221; global_colors_info=&#8221;{}&#8221;][et_pb_row column_structure=&#8221;1_2,1_2&#8243; _builder_version=&#8221;4.27.0&#8243; _module_preset=&#8221;default&#8221; background_color=&#8221;RGBA(255,255,255,0)&#8221; max_width=&#8221;2560px&#8221; module_alignment=&#8221;center&#8221; custom_margin=&#8221;0px|0px|0px|0px|true|true&#8221; custom_padding=&#8221;0px|0px|0px|0px|true|true&#8221; global_colors_info=&#8221;{}&#8221;][et_pb_column type=&#8221;1_2&#8243; _builder_version=&#8221;4.27.0&#8243; _module_preset=&#8221;default&#8221; global_colors_info=&#8221;{}&#8221;][et_pb_text _builder_version=&#8221;4.27.0&#8243; _module_preset=&#8221;default&#8221; text_font=&#8221;Arial|600||on|||||&#8221; text_text_color=&#8221;#000000&#8243; text_font_size=&#8221;28px&#8221; text_line_height=&#8221;1.8em&#8221; custom_margin=&#8221;0px|0px|0px|0px|true|true&#8221; custom_padding=&#8221;0px|0px|0px|0px|true|true&#8221; global_colors_info=&#8221;{}&#8221;]<\/p>\n<p>Keine extrarechnung<\/p>\n<p>[\/et_pb_text][et_pb_text _builder_version=&#8221;4.27.0&#8243; _module_preset=&#8221;default&#8221; text_font=&#8221;Arial|600|||||||&#8221; text_text_color=&#8221;#000000&#8243; text_font_size=&#8221;28px&#8221; text_line_height=&#8221;1.2em&#8221; custom_margin=&#8221;0px|0px|0px|0px|true|true&#8221; custom_padding=&#8221;0px|0px|0px|0px|true|true&#8221; global_colors_info=&#8221;{}&#8221;]<\/p>\n<p><span>UNTERSTUTZUNG DER MARKENPOLITIK<\/span><\/p>\n<p>[\/et_pb_text][et_pb_text _builder_version=&#8221;4.27.0&#8243; _module_preset=&#8221;default&#8221; text_font=&#8221;Arial||||||||&#8221; text_font_size=&#8221;15px&#8221; text_line_height=&#8221;2.2em&#8221; module_alignment=&#8221;left&#8221; custom_margin=&#8221;12px||||false|false&#8221; global_colors_info=&#8221;{}&#8221;]<\/p>\n<p>1. F\u00fcr den legalen besitzer, die es zu festen orten f\u00fcr das offen halten und der eigenen marke f\u00f6rderlich sind;<br \/>2. Ein gewisses ma\u00df an finanziellen mitteln, pers\u00f6nliche und wirtschaftliche glaubw\u00fcrdigkeit;<br \/>3. Anerkennung der entwicklungsaussichten der pipelines und inniger enthusiasmus;<br \/>4. Gute m\u00f6glichkeiten zum management Von dienstleistungen und gutes regionales management;<br \/>Die organisationskultur, die marketing-ideen und die planung Von gesch\u00e4ften zu identifizieren und aktiv zu kooperieren;<br \/>6. Sich f\u00fcr den sektor stark zu engagieren und keine hemmungen zu haben;<br \/>Die legale nutzung Von logo, technologien, dokumenten im besitz Von ciudag ist erlaubt<br \/>Drucke und verpackung eng mit der regulierung und aufsicht \u00fcber die einhaltung der vorschriften und gesch\u00e4ftspraktiken zu vereinen, die das siegel erhalten haben;<br \/>8. \u00dcber erfahrungen mit eignung f\u00fcr die umleitungsbranche, bestehende vertriebskan\u00e4le und vertriebsnetzwerke verf\u00fcgen, denen priorit\u00e4t einger\u00e4umt wird.<\/p>\n<p>[\/et_pb_text][\/et_pb_column][et_pb_column type=&#8221;1_2&#8243; _builder_version=&#8221;4.27.0&#8243; _module_preset=&#8221;default&#8221; global_colors_info=&#8221;{}&#8221;][et_pb_image src=&#8221;https:\/\/www.germanyvelrose.com\/wp-content\/uploads\/2024\/09\/20201102115837_35416.jpg&#8221; title_text=&#8221;20201102115837_35416&#8243; force_fullwidth=&#8221;on&#8221; _builder_version=&#8221;4.27.0&#8243; _module_preset=&#8221;default&#8221; module_alignment=&#8221;right&#8221; custom_margin=&#8221;20px||||false|false&#8221; hover_enabled=&#8221;0&#8243; global_colors_info=&#8221;{}&#8221; sticky_enabled=&#8221;0&#8243;][\/et_pb_image][\/et_pb_column][\/et_pb_row][et_pb_row column_structure=&#8221;1_2,1_2&#8243; _builder_version=&#8221;4.27.0&#8243; _module_preset=&#8221;default&#8221; background_color=&#8221;RGBA(255,255,255,0)&#8221; max_width=&#8221;2560px&#8221; module_alignment=&#8221;center&#8221; custom_margin=&#8221;5%|0px|5%|0px|true|true&#8221; custom_padding=&#8221;0px|0px|0px|0px|true|true&#8221; global_colors_info=&#8221;{}&#8221;][et_pb_column type=&#8221;1_2&#8243; _builder_version=&#8221;4.27.0&#8243; _module_preset=&#8221;default&#8221; global_colors_info=&#8221;{}&#8221;][et_pb_image src=&#8221;https:\/\/www.germanyvelrose.com\/wp-content\/uploads\/2024\/09\/stairs-6133971_1280.jpg&#8221; title_text=&#8221;stairs-6133971_1280&#8243; force_fullwidth=&#8221;on&#8221; _builder_version=&#8221;4.27.0&#8243; _module_preset=&#8221;default&#8221; module_alignment=&#8221;right&#8221; custom_margin=&#8221;20px||||false|false&#8221; global_colors_info=&#8221;{}&#8221;][\/et_pb_image][\/et_pb_column][et_pb_column type=&#8221;1_2&#8243; _builder_version=&#8221;4.27.0&#8243; _module_preset=&#8221;default&#8221; global_colors_info=&#8221;{}&#8221;][et_pb_text _builder_version=&#8221;4.27.0&#8243; _module_preset=&#8221;default&#8221; text_font=&#8221;Arial|600|||||||&#8221; text_text_color=&#8221;#000000&#8243; text_font_size=&#8221;28px&#8221; text_line_height=&#8221;1.8em&#8221; custom_margin=&#8221;0px|0px|0px|0px|true|true&#8221; custom_padding=&#8221;0px|0px|0px|0px|true|true&#8221; global_colors_info=&#8221;{}&#8221;]<\/p>\n<p>EINFACH BEIZUTRETEN<br \/>LASSEN SIE HREN TRAUM VOM REICHTUM BEGINNEN<\/p>\n<p>[\/et_pb_text][et_pb_text _builder_version=&#8221;4.27.0&#8243; _module_preset=&#8221;default&#8221; text_font=&#8221;Arial||||||||&#8221; text_font_size=&#8221;15px&#8221; text_line_height=&#8221;2.2em&#8221; module_alignment=&#8221;left&#8221; custom_margin=&#8221;12px||||false|false&#8221; global_colors_info=&#8221;{}&#8221;]<\/p>\n<p>1. Interesse an kollaboration &#8211; erstkenntnis \u00fcber den kontakt.<br \/>2. Antr\u00e4ge auf zusammenarbeit &#8211; antr\u00e4ge, die Von der zentrale \u00fcberpr\u00fcft werden;<br \/>3. Pr\u00fcfung der qualifikationen &#8211; lizenz Oder feldpr\u00fcfung;<br \/>4. Einigkeit \u00fcber partnerschaften erzielen, indem wir einen vertrag \u00fcber die vertr\u00e4ge abschlie\u00dfen und die ersten bestellungen abschlie\u00dfen;<br \/>5. Die mitgliedschaft in unternehmen &#8211; richtlinien zur erweiterung des amtssitzes und unterst\u00fctzung beim folgemanagement;<br \/>6. Marketing &#8211; importierter produkte &#8211; unterst\u00fctzung Von werbekampagnen<\/p>\n<p>[\/et_pb_text][\/et_pb_column][\/et_pb_row][\/et_pb_section]<\/p>\n","protected":false},"excerpt":{"rendered":"<p>Keine extrarechnungUNTERSTUTZUNG DER MARKENPOLITIK1. F\u00fcr den legalen besitzer, die es zu festen orten f\u00fcr das offen halten und der eigenen marke f\u00f6rderlich sind;2. Ein gewisses ma\u00df an finanziellen mit [&hellip;]<\/p>\n","protected":false},"author":1,"featured_media":0,"parent":0,"menu_order":0,"comment_status":"closed","ping_status":"closed","template":"","meta":{"_et_pb_use_builder":"on","_et_pb_old_content":"","_et_gb_content_width":"","footnotes":""},"class_list":["post-828","page","type-page","status-publish","hentry"],"_links":{"self":[{"href":"https:\/\/www.germanyvelrose.com\/index.php?rest_route=\/wp\/v2\/pages\/828","targetHints":{"allow":["GET"]}}],"collection":[{"href":"https:\/\/www.germanyvelrose.com\/index.php?rest_route=\/wp\/v2\/pages"}],"about":[{"href":"https:\/\/www.germanyvelrose.com\/index.php?rest_route=\/wp\/v2\/types\/page"}],"author":[{"embeddable":true,"href":"https:\/\/www.germanyvelrose.com\/index.php?rest_route=\/wp\/v2\/users\/1"}],"replies":[{"embeddable":true,"href":"https:\/\/www.germanyvelrose.com\/index.php?rest_route=%2Fwp%2Fv2%2Fcomments&post=828"}],"version-history":[{"count":5,"href":"https:\/\/www.germanyvelrose.com\/index.php?rest_route=\/wp\/v2\/pages\/828\/revisions"}],"predecessor-version":[{"id":838,"href":"https:\/\/www.germanyvelrose.com\/index.php?rest_route=\/wp\/v2\/pages\/828\/revisions\/838"}],"wp:attachment":[{"href":"https:\/\/www.germanyvelrose.com\/index.php?rest_route=%2Fwp%2Fv2%2Fmedia&parent=828"}],"curies":[{"name":"wp","href":"https:\/\/api.w.org\/{rel}","templated":true}]}}